{"id":220,"date":"2023-01-18T22:34:39","date_gmt":"2023-01-18T22:34:39","guid":{"rendered":"https:\/\/agitated-tereshkova.85-10-193-176.plesk.page\/?page_id=220"},"modified":"2025-11-02T16:04:13","modified_gmt":"2025-11-02T15:04:13","slug":"impressum","status":"publish","type":"page","link":"https:\/\/www.schlatter.law\/en\/impressum\/","title":{"rendered":"Imprint"},"content":{"rendered":"\t\t<div data-elementor-type=\"wp-page\" data-elementor-id=\"220\" class=\"elementor elementor-220\" data-elementor-post-type=\"page\">\n\t\t\t\t<div class=\"elementor-element elementor-element-83e92fe e-con-full e-flex e-con e-parent\" data-id=\"83e92fe\" data-element_type=\"container\" data-e-type=\"container\" data-settings=\"{&quot;background_background&quot;:&quot;classic&quot;,&quot;jet_parallax_layout_list&quot;:[]}\">\n\t\t<div class=\"elementor-element elementor-element-579e08b6 e-con-full e-transform e-flex e-con e-child\" data-id=\"579e08b6\" data-element_type=\"container\" data-e-type=\"container\" data-settings=\"{&quot;jet_parallax_layout_list&quot;:[],&quot;_transform_translateY_effect&quot;:{&quot;unit&quot;:&quot;px&quot;,&quot;size&quot;:75,&quot;sizes&quot;:[]},&quot;_transform_translateY_effect_laptop&quot;:{&quot;unit&quot;:&quot;px&quot;,&quot;size&quot;:62,&quot;sizes&quot;:[]},&quot;_transform_translateY_effect_mobile&quot;:{&quot;unit&quot;:&quot;px&quot;,&quot;size&quot;:45,&quot;sizes&quot;:[]},&quot;_transform_translateX_effect&quot;:{&quot;unit&quot;:&quot;px&quot;,&quot;size&quot;:&quot;&quot;,&quot;sizes&quot;:[]},&quot;_transform_translateX_effect_widescreen&quot;:{&quot;unit&quot;:&quot;px&quot;,&quot;size&quot;:&quot;&quot;,&quot;sizes&quot;:[]},&quot;_transform_translateX_effect_laptop&quot;:{&quot;unit&quot;:&quot;px&quot;,&quot;size&quot;:&quot;&quot;,&quot;sizes&quot;:[]},&quot;_transform_translateX_effect_tablet_extra&quot;:{&quot;unit&quot;:&quot;px&quot;,&quot;size&quot;:&quot;&quot;,&quot;sizes&quot;:[]},&quot;_transform_translateX_effect_tablet&quot;:{&quot;unit&quot;:&quot;px&quot;,&quot;size&quot;:&quot;&quot;,&quot;sizes&quot;:[]},&quot;_transform_translateX_effect_mobile_extra&quot;:{&quot;unit&quot;:&quot;px&quot;,&quot;size&quot;:&quot;&quot;,&quot;sizes&quot;:[]},&quot;_transform_translateX_effect_mobile&quot;:{&quot;unit&quot;:&quot;px&quot;,&quot;size&quot;:&quot;&quot;,&quot;sizes&quot;:[]},&quot;_transform_translateY_effect_widescreen&quot;:{&quot;unit&quot;:&quot;px&quot;,&quot;size&quot;:&quot;&quot;,&quot;sizes&quot;:[]},&quot;_transform_translateY_effect_tablet_extra&quot;:{&quot;unit&quot;:&quot;px&quot;,&quot;size&quot;:&quot;&quot;,&quot;sizes&quot;:[]},&quot;_transform_translateY_effect_tablet&quot;:{&quot;unit&quot;:&quot;px&quot;,&quot;size&quot;:&quot;&quot;,&quot;sizes&quot;:[]},&quot;_transform_translateY_effect_mobile_extra&quot;:{&quot;unit&quot;:&quot;px&quot;,&quot;size&quot;:&quot;&quot;,&quot;sizes&quot;:[]}}\">\n\t\t<div class=\"elementor-element elementor-element-79269a15 e-con-full elementor-hidden-mobile e-flex e-con e-child\" data-id=\"79269a15\" data-element_type=\"container\" data-e-type=\"container\" data-settings=\"{&quot;background_background&quot;:&quot;classic&quot;,&quot;jet_parallax_layout_list&quot;:[]}\">\n\t\t\t\t<\/div>\n\t\t<div class=\"elementor-element elementor-element-27978b85 e-con-full e-flex e-con e-child\" data-id=\"27978b85\" data-element_type=\"container\" data-e-type=\"container\" data-settings=\"{&quot;background_background&quot;:&quot;classic&quot;,&quot;jet_parallax_layout_list&quot;:[]}\">\n\t\t\t\t<div class=\"elementor-element elementor-element-7702cae9 elementor-widget-laptop__width-initial elementor-widget elementor-widget-heading\" data-id=\"7702cae9\" data-element_type=\"widget\" data-e-type=\"widget\" data-widget_type=\"heading.default\">\n\t\t\t\t<div class=\"elementor-widget-container\">\n\t\t\t\t\t<h2 class=\"elementor-heading-title elementor-size-default\">Impressum<\/h2>\t\t\t\t<\/div>\n\t\t\t\t<\/div>\n\t\t\t\t<\/div>\n\t\t<div class=\"elementor-element elementor-element-2647c9f4 e-con-full elementor-hidden-mobile e-flex e-con e-child\" data-id=\"2647c9f4\" data-element_type=\"container\" data-e-type=\"container\" data-settings=\"{&quot;background_background&quot;:&quot;classic&quot;,&quot;jet_parallax_layout_list&quot;:[]}\">\n\t\t\t\t<\/div>\n\t\t\t\t<\/div>\n\t\t\t\t<\/div>\n\t\t<div class=\"elementor-element elementor-element-fa45de2 e-flex e-con-boxed e-con e-parent\" data-id=\"fa45de2\" data-element_type=\"container\" data-e-type=\"container\" data-settings=\"{&quot;jet_parallax_layout_list&quot;:[]}\">\n\t\t\t\t\t<div class=\"e-con-inner\">\n\t\t<div class=\"elementor-element elementor-element-9b71229 e-con-full e-flex e-con e-child\" data-id=\"9b71229\" data-element_type=\"container\" data-e-type=\"container\" data-settings=\"{&quot;jet_parallax_layout_list&quot;:[]}\">\n\t\t\t\t<div class=\"elementor-element elementor-element-55b0ea6 elementor-widget elementor-widget-text-editor\" data-id=\"55b0ea6\" data-element_type=\"widget\" data-e-type=\"widget\" data-widget_type=\"text-editor.default\">\n\t\t\t\t<div class=\"elementor-widget-container\">\n\t\t\t\t\t\t\t\t\t<h3 class=\"umbruch\"><span style=\"color: #95092c;\">SCHLATTER Rechtsanw\u00e4lte PartG mbB<\/span><\/h3><p>Telefon: 06221 &#8211; 9812-0<br \/>Fax: 06221 &#8211; 9812-73<br \/>E-Mail:\u00a0<a href=\"mailto:info@schlatter.law\">info@schlatter.law<\/a><br \/>Partnerschaftsgesellschaft<br \/>Partnerschaftsregister des Amtsgerichts Mannheim PR 700082<\/p><p id=\"p-9\"><b>Sitz der Partnerschaftsgesellschaft<\/b><br \/>Europaplatz 11<br \/>69115 Heidelberg<\/p><p id=\"p-35\" class=\"umbruch\"><b>Vertretungsberechtigte Partner<\/b><br \/><a href=\"https:\/\/www.schlatter.law\/rechtsanwaelte\/dr-joerg-klingmann\">Dr. J\u00f6rg Klingmann<\/a><br \/><a href=\"https:\/\/www.schlatter.law\/rechtsanwaelte\/juergen-behrendt\">J\u00fcrgen Behrendt<\/a><br \/><a href=\"https:\/\/www.schlatter.law\/rechtsanwaelte\/dr-britta-schubel\">Dr. Britta Schubel<\/a><br \/><a href=\"https:\/\/www.schlatter.law\/rechtsanwaelte\/dr-daniel-schneidenbach\">Dr. Daniel Schneidenbach<\/a><br \/><a href=\"https:\/\/www.schlatter.law\/rechtsanwaelte\/dr-bjoern-lange\">Dr. Bj\u00f6rn Lange<\/a><br \/><a href=\"https:\/\/www.schlatter.law\/rechtsanwaelte\/dr-christian-strubel\">Dr. Christian Strubel<\/a><\/p><p id=\"p-37\" class=\"text-left\">Zur Vertretung der Partnerschaft sind jeweils zwei Partner gemeinsam berechtigt.<\/p><p id=\"p-41\"><b>Umsatzsteuer-Identifikationsnummer:<\/b><br \/>DE143284712<\/p><p id=\"p-34\"><b>Aufsichtsbeh\u00f6rde<\/b><br \/>Die Rechtsanw\u00e4lte der Kanzlei SCHLATTER geh\u00f6ren der Rechtsanwaltskammer Karlsruhe an. Sie sind als Rechtsanw\u00e4lte in der Bundesrepublik Deutschland zugelassen.<br \/>Rechtsanwaltskammer Karlsruhe<br \/>Reinhold-Frank-Stra\u00dfe 72<br \/>76133 Karlsruhe<br \/>Telefon: 0721 &#8211; 25340<br \/>Fax: 0721 &#8211; 26627<\/p><p id=\"p-20\" class=\"umbruch\">Die Steuerberater der Kanzlei SCHLATTER geh\u00f6ren der Steuerberaterkammer Nordbaden mit Sitz in Karlsruhe an. Sie sind als Steuerberater in der Bundesrepublik Deutschland zugelassen.<\/p><p id=\"p-21\">Steuerberaterkammer Nordbaden<br \/>Vangerowstra\u00dfe 16\/1<br \/>69115 Heidelberg<br \/>Telefon: 06221 &#8211; 183077<\/p><p id=\"p-28\" class=\"umbruch\"><b>F\u00fcr die Rechtsanw\u00e4lte gelten folgende Geb\u00fchren- und Berufsordnungen:<\/b><br \/><a href=\"http:\/\/www.gesetze-im-internet.de\/bundesrecht\/brao\/gesamt.pdf\" target=\"_blank\" rel=\"noopener\">BRAO &#8211; Bundesrechtsanwaltsordnung<\/a><br \/><a href=\"https:\/\/brak.de\/w\/files\/02_fuer_anwaelte\/berufsrecht\/bora_stand_01.01.2020.pdf\" target=\"_blank\" rel=\"noopener\">BORA &#8211; Berufsordnung f\u00fcr Rechtsanw\u00e4lte<\/a><br \/><a href=\"https:\/\/www.brak.de\/w\/files\/02_fuer_anwaelte\/FAO_1.1.08_090615.pdf\" target=\"_blank\" rel=\"noopener\">Fachanwaltsordnung<\/a><br \/><a href=\"http:\/\/www.gesetze-im-internet.de\/bundesrecht\/rvg\/gesamt.pdf\" target=\"_blank\" rel=\"noopener\">RVG &#8211; Rechtsanwaltsverg\u00fctungsgesetz<\/a><br \/><a href=\"https:\/\/brak.de\/w\/files\/02_fuer_anwaelte\/Berufsregeln_Mai%202006_090615.pdf\" target=\"_blank\" rel=\"noopener\">Berufsregeln der Rechtsanw\u00e4lte der Europ\u00e4ischen Gemeinschaft<\/a><\/p><p id=\"p-49\" class=\"umbruch\"><b>F\u00fcr die Steuerberater gelten folgende Geb\u00fchren- und Berufsordnungen:<\/b><br \/><a href=\"http:\/\/www.gesetze-im-internet.de\/bundesrecht\/stberg\/gesamt.pdf\" target=\"_blank\" rel=\"noopener\">Steuerberatergesetz<\/a><br \/><a href=\"https:\/\/www.jurion.de\/gesetze\/bostb\/\" target=\"_blank\" rel=\"noopener\">Berufsordnung der Steuerberaterkammer<\/a><br \/><a href=\"http:\/\/www.gesetze-im-internet.de\/bundesrecht\/stbgebv\/gesamt.pdf\" target=\"_blank\" rel=\"noopener\">Steuerberatergeb\u00fchrenverordnung<\/a><br \/><a href=\"http:\/\/www.cfe-eutax.org\/register\/eng\/downloads\/Guidelines_DE.pdf\" target=\"_blank\" rel=\"noopener\">Berufsordnung der Steuerberater in Europa<\/a><\/p><p class=\"text-left\"><b>Berufshaftpflichtversicherung<\/b><br \/>Zurich Insurance plc Niederlassung f\u00fcr Deutschland<br \/>Platz der Einheit 2, 60327 Frankfurt am Main<br \/>R\u00e4umlicher Geltungsbereich: im gesamten EU-Gebiet und den Staaten des Abkommens \u00fcber den Europ\u00e4ischen Wirtschaftsraum<\/p><p id=\"p-55\" class=\"text-left\"><b>Au\u00dfergerichtliche Streitschlichtung<\/b><br \/>a) gem\u00e4\u00df BRAO<br \/>Bei Streitigkeiten zwischen Rechtsanw\u00e4lten und ihren Auftraggebern besteht auf Antrag die M\u00f6glichkeit der au\u00dfergerichtlichen Streitschlichtung bei der regionalen Rechtsanwaltskammer in Karlsruhe (gem\u00e4\u00df \u00a7 73 Abs. 2 Nr. 3 i.V.m. \u00a7 73 BRAO) oder bei der Schlichtungsstelle der Rechtsanwaltschaft (\u00a7 191f BRAO) bei der Bundesrechtsanwaltskammer, im Internet zu finden \u00fcber die Homepage der Bundesrechtsanwaltskammer (<a href=\"http:\/\/www.brak.de\/\" target=\"_blank\" rel=\"noopener\">www.brak.de<\/a>), E-Mail: schlichtungsstelle[at]brak.de.<\/p><p id=\"p-1\">b) gem\u00e4\u00df VSBG<br \/>Nach \u00a7\u00a7 36, 37 Verbraucherstreitbeilegungsgesetz (VSBG) ist SCHLATTER verpflichtet, Auftraggeber, die Verbraucher im Sinne von \u00a7 13 BGB sind, auf die M\u00f6glichkeit hinzuweisen, dass bei nicht beigelegten verm\u00f6gensrechtlichen Streitigkeiten aus dem Mandatsverh\u00e4ltnis kostenlos auch eine Verbraucherschlichtungsstelle angerufen werden kann. Die hierf\u00fcr zust\u00e4ndige Verbraucherschlichtungsstelle ist die Schlichtungsstelle der Rechtsanwaltschaft, Rauchstra\u00dfe 26, 10787 Berlin (<a title=\"Schlichtungsstelle der Rechtsanwaltschaft\" href=\"http:\/\/www.schlichtungsstelle-der-rechtsanwaltschaft.de\/\" target=\"_blank\" rel=\"noopener\">www.schlichtungsstelle-der-rechtsanwaltschaft.de<\/a>). In diesem Zusammenhang wird jedoch darauf hingewiesen, dass SCHLATTER nicht bereit oder verpflichtet ist, an einem Verfahren vor dieser Stelle teilzunehmen und dass SCHLATTER eine Teilnahme an einem Schlichtungsverfahren vor dieser Stelle ablehnen wird.<\/p><p id=\"p-57\" class=\"text-left\"><b>Multidisziplin\u00e4re T\u00e4tigkeiten \/ Kooperationen<\/b><br \/>Die angegebenen Partner haben sich in der Form der Partnerschaft zur dauerhaften Berufsaus\u00fcbung zusammengeschlossen.<\/p><p id=\"p-58\" class=\"text-left\">Die Kanzlei unterh\u00e4lt dar\u00fcber hinaus st\u00e4ndige Kooperationen mit der\u00a0<a href=\"http:\/\/www.wsb-berater.de\/\" target=\"_blank\" rel=\"noopener\">WSB WOLF BECKERBAUER HUMMEL &amp; PARTNER Steuerberatungsgesellschaft<\/a>\u00a0(Kurf\u00fcrsten-Anlage 59, 69115 Heidelberg) sowie mit der\u00a0<a href=\"http:\/\/www.wsb-wirtschaftspruefung.de\/\" target=\"_blank\" rel=\"noopener\">WSB TREUHAND GMBH Wirtschaftspr\u00fcfungsgesellschaft<\/a>\u00a0(Seckenheimer Landstra\u00dfe 4, 68162 Mannheim).<\/p><p id=\"p-59\" class=\"text-left\">Die Wahrnehmung widerstreitender Interessen ist Rechtsanw\u00e4lten aufgrund berufsrechtlicher Regelungen untersagt (\u00a7 43a Abs. 4 BRAO). Vor Annahme eines Mandats wird deshalb gepr\u00fcft, ob ein Interessenkonflikt vorliegt.<\/p>\t\t\t\t\t\t\t\t<\/div>\n\t\t\t\t<\/div>\n\t\t\t\t<\/div>\n\t\t\t\t\t<\/div>\n\t\t\t\t<\/div>\n\t\t\t\t<\/div>\n\t\t","protected":false},"excerpt":{"rendered":"<p>Impressum SCHLATTER Rechtsanw\u00e4lte PartG mbB Telefon: 06221 &#8211; 9812-0Fax: 06221 &#8211; 9812-73E-Mail:\u00a0info@schlatter.lawPartnerschaftsgesellschaftPartnerschaftsregister des Amtsgerichts Mannheim PR 700082 Sitz der PartnerschaftsgesellschaftEuropaplatz 1169115 Heidelberg Vertretungsberechtigte PartnerDr. J\u00f6rg KlingmannJ\u00fcrgen BehrendtDr. Britta SchubelDr. Daniel SchneidenbachDr. Bj\u00f6rn LangeDr. Christian Strubel Zur Vertretung der Partnerschaft sind jeweils zwei Partner gemeinsam berechtigt. Umsatzsteuer-Identifikationsnummer:DE143284712 Aufsichtsbeh\u00f6rdeDie Rechtsanw\u00e4lte der Kanzlei SCHLATTER geh\u00f6ren der Rechtsanwaltskammer Karlsruhe [&hellip;]<\/p>\n","protected":false},"author":1,"featured_media":0,"parent":0,"menu_order":0,"comment_status":"closed","ping_status":"closed","template":"","meta":{"footnotes":""},"class_list":["post-220","page","type-page","status-publish","hentry"],"yoast_head":"<!-- This site is optimized with the Yoast SEO plugin v27.4 - https:\/\/yoast.com\/product\/yoast-seo-wordpress\/ -->\n<title>Impressum - Schlatter.law<\/title>\n<meta name=\"robots\" content=\"index, follow, max-snippet:-1, max-image-preview:large, max-video-preview:-1\" \/>\n<link rel=\"canonical\" href=\"https:\/\/www.schlatter.law\/en\/impressum\/\" \/>\n<meta property=\"og:locale\" content=\"en_GB\" \/>\n<meta property=\"og:type\" content=\"article\" \/>\n<meta property=\"og:title\" content=\"Impressum - Schlatter.law\" \/>\n<meta property=\"og:description\" content=\"Impressum SCHLATTER Rechtsanw\u00e4lte PartG mbB Telefon: 06221 &#8211; 9812-0Fax: 06221 &#8211; 9812-73E-Mail:\u00a0info@schlatter.lawPartnerschaftsgesellschaftPartnerschaftsregister des Amtsgerichts Mannheim PR 700082 Sitz der PartnerschaftsgesellschaftEuropaplatz 1169115 Heidelberg Vertretungsberechtigte PartnerDr. J\u00f6rg KlingmannJ\u00fcrgen BehrendtDr. Britta SchubelDr. Daniel SchneidenbachDr. Bj\u00f6rn LangeDr. Christian Strubel Zur Vertretung der Partnerschaft sind jeweils zwei Partner gemeinsam berechtigt. Umsatzsteuer-Identifikationsnummer:DE143284712 Aufsichtsbeh\u00f6rdeDie Rechtsanw\u00e4lte der Kanzlei SCHLATTER geh\u00f6ren der Rechtsanwaltskammer Karlsruhe [&hellip;]\" \/>\n<meta property=\"og:url\" content=\"https:\/\/www.schlatter.law\/en\/impressum\/\" \/>\n<meta property=\"og:site_name\" content=\"Schlatter.law\" \/>\n<meta property=\"article:modified_time\" content=\"2025-11-02T15:04:13+00:00\" \/>\n<meta name=\"twitter:card\" content=\"summary_large_image\" \/>\n<meta name=\"twitter:label1\" content=\"Estimated reading time\" \/>\n\t<meta name=\"twitter:data1\" content=\"2 minutes\" \/>\n<script type=\"application\/ld+json\" class=\"yoast-schema-graph\">{\"@context\":\"https:\\\/\\\/schema.org\",\"@graph\":[{\"@type\":\"WebPage\",\"@id\":\"https:\\\/\\\/www.schlatter.law\\\/impressum\\\/\",\"url\":\"https:\\\/\\\/www.schlatter.law\\\/impressum\\\/\",\"name\":\"Impressum - Schlatter.law\",\"isPartOf\":{\"@id\":\"https:\\\/\\\/www.schlatter.law\\\/#website\"},\"datePublished\":\"2023-01-18T22:34:39+00:00\",\"dateModified\":\"2025-11-02T15:04:13+00:00\",\"breadcrumb\":{\"@id\":\"https:\\\/\\\/www.schlatter.law\\\/impressum\\\/#breadcrumb\"},\"inLanguage\":\"en-GB\",\"potentialAction\":[{\"@type\":\"ReadAction\",\"target\":[\"https:\\\/\\\/www.schlatter.law\\\/impressum\\\/\"]}]},{\"@type\":\"BreadcrumbList\",\"@id\":\"https:\\\/\\\/www.schlatter.law\\\/impressum\\\/#breadcrumb\",\"itemListElement\":[{\"@type\":\"ListItem\",\"position\":1,\"name\":\"Home\",\"item\":\"https:\\\/\\\/www.schlatter.law\\\/\"},{\"@type\":\"ListItem\",\"position\":2,\"name\":\"Impressum\"}]},{\"@type\":\"WebSite\",\"@id\":\"https:\\\/\\\/www.schlatter.law\\\/#website\",\"url\":\"https:\\\/\\\/www.schlatter.law\\\/\",\"name\":\"Schlatter.law\",\"description\":\"Kompetente Rechtsberatung f\u00fcr die Wirtschaft.\",\"publisher\":{\"@id\":\"https:\\\/\\\/www.schlatter.law\\\/#organization\"},\"potentialAction\":[{\"@type\":\"SearchAction\",\"target\":{\"@type\":\"EntryPoint\",\"urlTemplate\":\"https:\\\/\\\/www.schlatter.law\\\/?s={search_term_string}\"},\"query-input\":{\"@type\":\"PropertyValueSpecification\",\"valueRequired\":true,\"valueName\":\"search_term_string\"}}],\"inLanguage\":\"en-GB\"},{\"@type\":\"Organization\",\"@id\":\"https:\\\/\\\/www.schlatter.law\\\/#organization\",\"name\":\"Schlatter.law\",\"url\":\"https:\\\/\\\/www.schlatter.law\\\/\",\"logo\":{\"@type\":\"ImageObject\",\"inLanguage\":\"en-GB\",\"@id\":\"https:\\\/\\\/www.schlatter.law\\\/#\\\/schema\\\/logo\\\/image\\\/\",\"url\":\"https:\\\/\\\/www.schlatter.law\\\/wp-content\\\/uploads\\\/2023\\\/04\\\/SCHLATTER.LAW-Logo-22-rgb-L.png\",\"contentUrl\":\"https:\\\/\\\/www.schlatter.law\\\/wp-content\\\/uploads\\\/2023\\\/04\\\/SCHLATTER.LAW-Logo-22-rgb-L.png\",\"width\":1702,\"height\":219,\"caption\":\"Schlatter.law\"},\"image\":{\"@id\":\"https:\\\/\\\/www.schlatter.law\\\/#\\\/schema\\\/logo\\\/image\\\/\"}}]}<\/script>\n<!-- \/ Yoast SEO plugin. -->","yoast_head_json":{"title":"Impressum - Schlatter.law","robots":{"index":"index","follow":"follow","max-snippet":"max-snippet:-1","max-image-preview":"max-image-preview:large","max-video-preview":"max-video-preview:-1"},"canonical":"https:\/\/www.schlatter.law\/en\/impressum\/","og_locale":"en_GB","og_type":"article","og_title":"Impressum - Schlatter.law","og_description":"Impressum SCHLATTER Rechtsanw\u00e4lte PartG mbB Telefon: 06221 &#8211; 9812-0Fax: 06221 &#8211; 9812-73E-Mail:\u00a0info@schlatter.lawPartnerschaftsgesellschaftPartnerschaftsregister des Amtsgerichts Mannheim PR 700082 Sitz der PartnerschaftsgesellschaftEuropaplatz 1169115 Heidelberg Vertretungsberechtigte PartnerDr. J\u00f6rg KlingmannJ\u00fcrgen BehrendtDr. Britta SchubelDr. Daniel SchneidenbachDr. Bj\u00f6rn LangeDr. Christian Strubel Zur Vertretung der Partnerschaft sind jeweils zwei Partner gemeinsam berechtigt. Umsatzsteuer-Identifikationsnummer:DE143284712 Aufsichtsbeh\u00f6rdeDie Rechtsanw\u00e4lte der Kanzlei SCHLATTER geh\u00f6ren der Rechtsanwaltskammer Karlsruhe [&hellip;]","og_url":"https:\/\/www.schlatter.law\/en\/impressum\/","og_site_name":"Schlatter.law","article_modified_time":"2025-11-02T15:04:13+00:00","twitter_card":"summary_large_image","twitter_misc":{"Estimated reading time":"2 minutes"},"schema":{"@context":"https:\/\/schema.org","@graph":[{"@type":"WebPage","@id":"https:\/\/www.schlatter.law\/impressum\/","url":"https:\/\/www.schlatter.law\/impressum\/","name":"Impressum - Schlatter.law","isPartOf":{"@id":"https:\/\/www.schlatter.law\/#website"},"datePublished":"2023-01-18T22:34:39+00:00","dateModified":"2025-11-02T15:04:13+00:00","breadcrumb":{"@id":"https:\/\/www.schlatter.law\/impressum\/#breadcrumb"},"inLanguage":"en-GB","potentialAction":[{"@type":"ReadAction","target":["https:\/\/www.schlatter.law\/impressum\/"]}]},{"@type":"BreadcrumbList","@id":"https:\/\/www.schlatter.law\/impressum\/#breadcrumb","itemListElement":[{"@type":"ListItem","position":1,"name":"Home","item":"https:\/\/www.schlatter.law\/"},{"@type":"ListItem","position":2,"name":"Impressum"}]},{"@type":"WebSite","@id":"https:\/\/www.schlatter.law\/#website","url":"https:\/\/www.schlatter.law\/","name":"Schlatter.law","description":"Kompetente Rechtsberatung f\u00fcr die Wirtschaft.","publisher":{"@id":"https:\/\/www.schlatter.law\/#organization"},"potentialAction":[{"@type":"SearchAction","target":{"@type":"EntryPoint","urlTemplate":"https:\/\/www.schlatter.law\/?s={search_term_string}"},"query-input":{"@type":"PropertyValueSpecification","valueRequired":true,"valueName":"search_term_string"}}],"inLanguage":"en-GB"},{"@type":"Organization","@id":"https:\/\/www.schlatter.law\/#organization","name":"Schlatter.law","url":"https:\/\/www.schlatter.law\/","logo":{"@type":"ImageObject","inLanguage":"en-GB","@id":"https:\/\/www.schlatter.law\/#\/schema\/logo\/image\/","url":"https:\/\/www.schlatter.law\/wp-content\/uploads\/2023\/04\/SCHLATTER.LAW-Logo-22-rgb-L.png","contentUrl":"https:\/\/www.schlatter.law\/wp-content\/uploads\/2023\/04\/SCHLATTER.LAW-Logo-22-rgb-L.png","width":1702,"height":219,"caption":"Schlatter.law"},"image":{"@id":"https:\/\/www.schlatter.law\/#\/schema\/logo\/image\/"}}]}},"_links":{"self":[{"href":"https:\/\/www.schlatter.law\/en\/wp-json\/wp\/v2\/pages\/220","targetHints":{"allow":["GET"]}}],"collection":[{"href":"https:\/\/www.schlatter.law\/en\/wp-json\/wp\/v2\/pages"}],"about":[{"href":"https:\/\/www.schlatter.law\/en\/wp-json\/wp\/v2\/types\/page"}],"author":[{"embeddable":true,"href":"https:\/\/www.schlatter.law\/en\/wp-json\/wp\/v2\/users\/1"}],"replies":[{"embeddable":true,"href":"https:\/\/www.schlatter.law\/en\/wp-json\/wp\/v2\/comments?post=220"}],"version-history":[{"count":43,"href":"https:\/\/www.schlatter.law\/en\/wp-json\/wp\/v2\/pages\/220\/revisions"}],"predecessor-version":[{"id":2870,"href":"https:\/\/www.schlatter.law\/en\/wp-json\/wp\/v2\/pages\/220\/revisions\/2870"}],"wp:attachment":[{"href":"https:\/\/www.schlatter.law\/en\/wp-json\/wp\/v2\/media?parent=220"}],"curies":[{"name":"wp","href":"https:\/\/api.w.org\/{rel}","templated":true}]}}